{"id":42,"date":"2019-04-17T10:41:32","date_gmt":"2019-04-17T13:41:32","guid":{"rendered":"http:\/\/sef.ufms.br\/viii\/?page_id=42"},"modified":"2023-08-03T08:52:51","modified_gmt":"2023-08-03T12:52:51","slug":"trabalhos","status":"publish","type":"page","link":"https:\/\/sef-cpan.ufms.br\/viii\/trabalhos\/","title":{"rendered":"Trabalhos"},"content":{"rendered":"\n<div class=\"wp-block-button aligncenter\"><a class=\"wp-block-button__link has-white-color has-vivid-red-background-color has-text-color has-background wp-element-button\" href=\"https:\/\/forms.gle\/GiaT4a65CkBvX5ye6\">ENVIE SEU TRABALHO<\/a><\/div>\n\n\n\n<p class=\"has-text-align-left\"><\/p>\n\n\n<p><\/p>\n<p class=\"has-text-align-left\" style=\"text-align: justify;\"><strong>Envio de trabalhos completos<\/strong><\/p>\n<p style=\"text-align: justify;\">\n<\/p><p>A submiss\u00e3o pode ser feita at\u00e9 <strong>06\/08\/2023.<\/strong><\/p>\n<p style=\"text-align: justify;\">Os aceites ser\u00e3o <strong>divulgados at\u00e9 10\/08\/2023<\/strong> via correio eletr\u00f4nico e divulga\u00e7\u00e3o na p\u00e1gina do evento. O trabalho somente ser\u00e1 publicado nos anais do evento se for confirmado o pagamento da inscri\u00e7\u00e3o do autor principal.<\/p>\n<p style=\"text-align: justify;\">\n<\/p><p style=\"text-align: justify;\">Anais do SEF: ISSN 2178-2245<\/p>\n<p style=\"text-align: justify;\">\n<\/p><p style=\"text-align: justify;\"><strong>Normas para trabalhos completos <\/strong><\/p>\n<p style=\"text-align: justify;\">\n<\/p><p style=\"text-align: justify;\"><strong>Formato:<\/strong> em documento Word (.doc); folha tamanho A4; letra Arial 12; espa\u00e7o entre as linhas de 1,5; margens: superior e esquerda, 3,0 cm, direita e inferior 2 cm; recuo de par\u00e1grafo de 1,25 cm.<\/p>\n<p style=\"text-align: justify;\">\n<\/p><p style=\"text-align: justify;\"><strong>T\u00edtulo do trabalho:<\/strong> em mai\u00fasculas, negrito e centralizado. Tamb\u00e9m traduzido para o ingl\u00eas e espanhol (it\u00e1lico, iniciais mai\u00fasculas e centralizado).<\/p>\n<p><\/p>\n<p style=\"text-align: justify;\"><strong>Identifica\u00e7\u00e3o do(s) autor(es): <\/strong>Sem identifica\u00e7\u00e3o &#8211; dever\u00e1 ser colocada ap\u00f3s a aprova\u00e7\u00e3o do trabalho.<\/p>\n<p><\/p>\n<p style=\"text-align: justify;\"><strong>Tamanho do texto:<\/strong> entre 10 e 20 p\u00e1ginas contendo obrigatoriamente: resumos em portugu\u00eas, ingl\u00eas e espanhol, objetivos, a metodologia, resultados da pesquisa e refer\u00eancias (normas da ABNT NBR 6023.2018). Entre 50 e 150 palavras.<\/p>\n<p><\/p>\n<p style=\"text-align: justify;\">Obs. Cada autor poder\u00e1 enviar at\u00e9 dois textos para an\u00e1lise como autor principal e at\u00e9 tr\u00eas, como coautor.<\/p>\n<p><\/p>\n<p>Os textos poder\u00e3o ter, no m\u00e1ximo, dois coautores.<\/p>\n<p><\/p>\n<p style=\"text-align: justify;\">Os textos podem ser escritos em portugu\u00eas, espanhol ou ingl\u00eas.<\/p>\n<p><\/p>\n<p style=\"text-align: justify;\">O trabalho somente ser\u00e1 publicado nos anais do evento se for confirmado o pagamento da inscri\u00e7\u00e3o do autor principal.<\/p>\n<p><\/p>\n<p style=\"text-align: justify;\">Os 60 trabalhos com as melhores avalia\u00e7\u00f5es poder\u00e3o ser publicados em 3 dossi\u00eas (Revista GeoPantanal, Revista Para Onde?! e Revista Si Somos Americanos. Neste caso, os trabalhos indicados ser\u00e3o submetidos \u00e0s normas de avalia\u00e7\u00e3o e formata\u00e7\u00e3o da revista. Os Anais do VIII SEF publicar\u00e3o os resumos dos trabalhos selecionados para a revista e os demais trabalhos completos aprovados.<\/p>\n<p><\/p>\n<p>Anais do SEF: ISSN 2178-2245<\/p>\n<p><\/p>\n\n\n<p class=\"has-vivid-red-color has-luminous-vivid-amber-background-color has-text-color has-background\"><strong>ATEN\u00c7\u00c3O: Por favor, nomeie seu arquivo com o eixo, uma palavra do t\u00edtulo, seu nome e sobrenome (sugest\u00e3o apenas para os que ainda n\u00e3o enviaram!). <br> Ex: Eixo X &#8211; Fronteira &#8211; Fulano de tal.doc(x)<\/strong><\/p>\n\n\n<p><\/p>\n<p><strong>Eixos Tem\u00e1ticos: <\/strong><\/p>\n<p><\/p>\n<p style=\"text-align: justify;\">No momento do envio do trabalho, o\/a(s) autor(es\/as) dever\u00e3o indicar um dos seguintes eixos tem\u00e1ticos:<\/p>\n<p><\/p>\n<p style=\"text-align: justify;\"><strong>Eixo 1<\/strong> &#8211; Aspectos identit\u00e1rios e discursivos nas fronteiras: identidades, g\u00eaneros, diversidades, cultura, arte, literatura, comunica\u00e7\u00e3o, sa\u00fade, educa\u00e7\u00e3o, bilinguismo, esportes<\/p>\n<p><\/p>\n<p style=\"text-align: justify;\"><strong>Eixo 2<\/strong> &#8211; Movimentos de popula\u00e7\u00e3o hoje e no passado: migra\u00e7\u00f5es, coloniza\u00e7\u00e3o, redes, hist\u00f3ria e mem\u00f3ria<\/p>\n<p><\/p>\n<p style=\"text-align: justify;\"><strong>Eixo 3<\/strong> &#8211; Territ\u00f3rios e territorialidades nas fronteiras: integra\u00e7\u00e3o, desenvolvimento, pol\u00edticas p\u00fablicas, urbaniza\u00e7\u00e3o, com\u00e9rcio e desenvolvimento local<\/p>\n<p><\/p>\n<p style=\"text-align: justify;\"><strong>Eixo 4<\/strong> &#8211; Limites estrat\u00e9gicos: geopol\u00edtica, soberania e rela\u00e7\u00f5es internacionais, globaliza\u00e7\u00e3o, seguran\u00e7a p\u00fablica, conflito e viol\u00eancia<\/p>\n<p><\/p>\n<p style=\"text-align: justify;\"><strong>Eixo 5<\/strong> &#8211; A natureza e seus usos: conserva\u00e7\u00e3o, sustentabilidade, turismo, frentes, reforma e outras din\u00e2micas agr\u00e1rias (assentamentos, agroneg\u00f3cio, agricultura familiar)<\/p>\n<p><\/p>\n\n\n<h2 class=\"wp-block-heading\"><strong>P\u00f4steres<\/strong><\/h2>\n\n\n<p style=\"text-align: justify;\">Devem seguir os modelos e orienta\u00e7\u00f5es dispon\u00edveis no site do evento (a partir de maio de 2023).<\/p>\n<p style=\"text-align: justify;\">Envie o resumo do seu trabalho a ser apresentado na modalidade p\u00f4ster at\u00e9 o dia 06\/08\/2023 atrav\u00e9s do bot\u00e3o abaixo. Os resumos ser\u00e3o publicados nos Anais do VIII SEF.<\/p>\n\n\n<div class=\"wp-block-button aligncenter\"><a class=\"wp-block-button__link has-white-color has-text-color wp-element-button\" href=\"https:\/\/forms.gle\/2YSixMZZ3GcnGpNp7\">Envie seu resumo<\/a><\/div>\n\n\n<p><\/p>\n<p style=\"text-align: justify;\">Clique abaixo para obter um modelo sugerido de p\u00f4ster para apresenta\u00e7\u00e3o. As recomenda\u00e7\u00f5es n\u00e3o s\u00e3o obrigat\u00f3rias.<\/p>\n<p><\/p>\n\n\n<div class=\"wp-block-button aligncenter is-style-default\"><a class=\"wp-block-button__link has-white-color has-vivid-red-background-color has-text-color has-background wp-element-button\" href=\"https:\/\/sef-cpan.ufms.br\/viii\/template-poster-vii-sef\/\">Modelo aqui<\/a><\/div>\n\n\n<p style=\"text-align: justify;\"><strong>IMPORTANTE: <\/strong>Os trabalhos completos aprovados ser\u00e3o reunidos e apresentados em grupos de trabalho (GTs), otimizando a discuss\u00e3o. Os p\u00f4steres ser\u00e3o apresentados e avaliados durante o evento.<\/p>\n<p>\u00a0<\/p>\n<p style=\"text-align: justify;\"><strong>INFORMA\u00c7\u00c3O ADICIONAL<\/strong><br \/>Para qualquer outra informa\u00e7\u00e3o, por favor fazer contato pelo e-mail: <a href=\"sef.fronteira@gmail.com\">sef.fronteira@gmail.com<\/a><\/p>\n<p>\u00a0<\/p>\n\n\n<hr class=\"wp-block-separator has-css-opacity\"\/>\n","protected":false},"excerpt":{"rendered":"<p>Envio de trabalhos completos A submiss\u00e3o pode ser feita at\u00e9 06\/08\/2023. Os aceites ser\u00e3o divulgados at\u00e9 10\/08\/2023 via correio eletr\u00f4nico e divulga\u00e7\u00e3o na p\u00e1gina do evento. O trabalho somente ser\u00e1 publicado nos anais do evento se<a class=\"moretag\" href=\"https:\/\/sef-cpan.ufms.br\/viii\/trabalhos\/\">Read More&#8230;<\/a><\/p>\n","protected":false},"author":2,"featured_media":0,"parent":0,"menu_order":0,"comment_status":"closed","ping_status":"closed","template":"","meta":{"footnotes":""},"yoast_head":"<!-- This site is optimized with the Yoast SEO plugin v23.1 - https:\/\/yoast.com\/wordpress\/plugins\/seo\/ -->\n<title>Trabalhos - VIII Semin\u00e1rio Internacional de Estudos Fronteiri\u00e7os - 2023<\/title>\n<meta name=\"description\" content=\"Envio de trabalhos completos\" \/>\n<meta name=\"robots\" content=\"index, follow, max-snippet:-1, max-image-preview:large, max-video-preview:-1\" \/>\n<link rel=\"canonical\" href=\"https:\/\/sef-cpan.ufms.br\/viii\/trabalhos\/\" \/>\n<meta property=\"og:locale\" content=\"pt_BR\" \/>\n<meta property=\"og:type\" content=\"article\" \/>\n<meta property=\"og:title\" content=\"Trabalhos - VIII Semin\u00e1rio Internacional de Estudos Fronteiri\u00e7os - 2023\" \/>\n<meta property=\"og:description\" content=\"Envio de trabalhos completos\" \/>\n<meta property=\"og:url\" content=\"https:\/\/sef-cpan.ufms.br\/viii\/trabalhos\/\" \/>\n<meta property=\"og:site_name\" content=\"VIII Semin\u00e1rio Internacional de Estudos Fronteiri\u00e7os - 2023\" \/>\n<meta property=\"article:modified_time\" content=\"2023-08-03T12:52:51+00:00\" \/>\n<meta name=\"twitter:card\" content=\"summary_large_image\" \/>\n<meta name=\"twitter:label1\" content=\"Est. tempo de leitura\" \/>\n\t<meta name=\"twitter:data1\" content=\"3 minutos\" \/>\n<script type=\"application\/ld+json\" class=\"yoast-schema-graph\">{\"@context\":\"https:\/\/schema.org\",\"@graph\":[{\"@type\":\"WebPage\",\"@id\":\"https:\/\/sef-cpan.ufms.br\/viii\/trabalhos\/\",\"url\":\"https:\/\/sef-cpan.ufms.br\/viii\/trabalhos\/\",\"name\":\"Trabalhos - VIII Semin\u00e1rio Internacional de Estudos Fronteiri\u00e7os - 2023\",\"isPartOf\":{\"@id\":\"https:\/\/sef-cpan.ufms.br\/viii\/#website\"},\"datePublished\":\"2019-04-17T13:41:32+00:00\",\"dateModified\":\"2023-08-03T12:52:51+00:00\",\"description\":\"Envio de trabalhos completos\",\"breadcrumb\":{\"@id\":\"https:\/\/sef-cpan.ufms.br\/viii\/trabalhos\/#breadcrumb\"},\"inLanguage\":\"pt-BR\",\"potentialAction\":[{\"@type\":\"ReadAction\",\"target\":[\"https:\/\/sef-cpan.ufms.br\/viii\/trabalhos\/\"]}]},{\"@type\":\"BreadcrumbList\",\"@id\":\"https:\/\/sef-cpan.ufms.br\/viii\/trabalhos\/#breadcrumb\",\"itemListElement\":[{\"@type\":\"ListItem\",\"position\":1,\"name\":\"In\u00edcio\",\"item\":\"https:\/\/sef-cpan.ufms.br\/viii\/\"},{\"@type\":\"ListItem\",\"position\":2,\"name\":\"Trabalhos\"}]},{\"@type\":\"WebSite\",\"@id\":\"https:\/\/sef-cpan.ufms.br\/viii\/#website\",\"url\":\"https:\/\/sef-cpan.ufms.br\/viii\/\",\"name\":\"VIII Semin\u00e1rio Internacional de Estudos Fronteiri\u00e7os - 2023\",\"description\":\"Funda\u00e7\u00e3o Universidade Federal de Mato Grosso do Sul - C\u00e2mpus do Pantanal\",\"potentialAction\":[{\"@type\":\"SearchAction\",\"target\":{\"@type\":\"EntryPoint\",\"urlTemplate\":\"https:\/\/sef-cpan.ufms.br\/viii\/?s={search_term_string}\"},\"query-input\":\"required name=search_term_string\"}],\"inLanguage\":\"pt-BR\"}]}<\/script>\n<!-- \/ Yoast SEO plugin. -->","yoast_head_json":{"title":"Trabalhos - VIII Semin\u00e1rio Internacional de Estudos Fronteiri\u00e7os - 2023","description":"Envio de trabalhos completos","robots":{"index":"index","follow":"follow","max-snippet":"max-snippet:-1","max-image-preview":"max-image-preview:large","max-video-preview":"max-video-preview:-1"},"canonical":"https:\/\/sef-cpan.ufms.br\/viii\/trabalhos\/","og_locale":"pt_BR","og_type":"article","og_title":"Trabalhos - VIII Semin\u00e1rio Internacional de Estudos Fronteiri\u00e7os - 2023","og_description":"Envio de trabalhos completos","og_url":"https:\/\/sef-cpan.ufms.br\/viii\/trabalhos\/","og_site_name":"VIII Semin\u00e1rio Internacional de Estudos Fronteiri\u00e7os - 2023","article_modified_time":"2023-08-03T12:52:51+00:00","twitter_card":"summary_large_image","twitter_misc":{"Est. tempo de leitura":"3 minutos"},"schema":{"@context":"https:\/\/schema.org","@graph":[{"@type":"WebPage","@id":"https:\/\/sef-cpan.ufms.br\/viii\/trabalhos\/","url":"https:\/\/sef-cpan.ufms.br\/viii\/trabalhos\/","name":"Trabalhos - VIII Semin\u00e1rio Internacional de Estudos Fronteiri\u00e7os - 2023","isPartOf":{"@id":"https:\/\/sef-cpan.ufms.br\/viii\/#website"},"datePublished":"2019-04-17T13:41:32+00:00","dateModified":"2023-08-03T12:52:51+00:00","description":"Envio de trabalhos completos","breadcrumb":{"@id":"https:\/\/sef-cpan.ufms.br\/viii\/trabalhos\/#breadcrumb"},"inLanguage":"pt-BR","potentialAction":[{"@type":"ReadAction","target":["https:\/\/sef-cpan.ufms.br\/viii\/trabalhos\/"]}]},{"@type":"BreadcrumbList","@id":"https:\/\/sef-cpan.ufms.br\/viii\/trabalhos\/#breadcrumb","itemListElement":[{"@type":"ListItem","position":1,"name":"In\u00edcio","item":"https:\/\/sef-cpan.ufms.br\/viii\/"},{"@type":"ListItem","position":2,"name":"Trabalhos"}]},{"@type":"WebSite","@id":"https:\/\/sef-cpan.ufms.br\/viii\/#website","url":"https:\/\/sef-cpan.ufms.br\/viii\/","name":"VIII Semin\u00e1rio Internacional de Estudos Fronteiri\u00e7os - 2023","description":"Funda\u00e7\u00e3o Universidade Federal de Mato Grosso do Sul - C\u00e2mpus do Pantanal","potentialAction":[{"@type":"SearchAction","target":{"@type":"EntryPoint","urlTemplate":"https:\/\/sef-cpan.ufms.br\/viii\/?s={search_term_string}"},"query-input":"required name=search_term_string"}],"inLanguage":"pt-BR"}]}},"_links":{"self":[{"href":"https:\/\/sef-cpan.ufms.br\/viii\/wp-json\/wp\/v2\/pages\/42"}],"collection":[{"href":"https:\/\/sef-cpan.ufms.br\/viii\/wp-json\/wp\/v2\/pages"}],"about":[{"href":"https:\/\/sef-cpan.ufms.br\/viii\/wp-json\/wp\/v2\/types\/page"}],"author":[{"embeddable":true,"href":"https:\/\/sef-cpan.ufms.br\/viii\/wp-json\/wp\/v2\/users\/2"}],"replies":[{"embeddable":true,"href":"https:\/\/sef-cpan.ufms.br\/viii\/wp-json\/wp\/v2\/comments?post=42"}],"version-history":[{"count":34,"href":"https:\/\/sef-cpan.ufms.br\/viii\/wp-json\/wp\/v2\/pages\/42\/revisions"}],"predecessor-version":[{"id":697,"href":"https:\/\/sef-cpan.ufms.br\/viii\/wp-json\/wp\/v2\/pages\/42\/revisions\/697"}],"wp:attachment":[{"href":"https:\/\/sef-cpan.ufms.br\/viii\/wp-json\/wp\/v2\/media?parent=42"}],"curies":[{"name":"wp","href":"https:\/\/api.w.org\/{rel}","templated":true}]}}